{"id":3253,"date":"2025-09-30T18:26:40","date_gmt":"2025-09-30T16:26:40","guid":{"rendered":"https:\/\/joyfulchoir.dk\/?page_id=3253"},"modified":"2025-10-01T23:31:47","modified_gmt":"2025-10-01T21:31:47","slug":"dokument-manager","status":"publish","type":"page","link":"https:\/\/joyfulchoir.dk\/index.php\/dokument-manager\/","title":{"rendered":"Dokument-manager"},"content":{"rendered":"\n<p>Det vil forh\u00e5ndsvise dokumentet nederst p\u00e5 s\u00f8gesiden. <\/p>\n\n\n\n<p>S\u00f8g f.eks. p\u00e5 <strong>jul<\/strong> og derefter p\u00e5 &#8216;knappen med \u00f8jet&#8217;. <\/p>\n\n\n\n        <div class=\"document-manager-container\">\n                        <div class=\"document-search-container\">\n                <input type=\"text\" id=\"document-search-input\" placeholder=\"S\u00f8g efter dokumenter...\" \/>\n                <select id=\"document-file-type\">\n                    <option value=\"\">Alle filtyper<\/option>\n                    <option value=\"pdf\">PDF<\/option>\n                    <option value=\"doc\">DOC<\/option>\n                    <option value=\"docx\">DOCX<\/option>\n                    <option value=\"xls\">XLS<\/option>\n                    <option value=\"xlsx\">XLSX<\/option>\n                    <option value=\"ppt\">PPT<\/option>\n                    <option value=\"pptx\">PPTX<\/option>\n                    <option value=\"txt\">TXT<\/option>\n                <\/select>\n                <select id=\"document-source\">\n                    <option value=\"both\">Alle kilder<\/option>\n                    <option value=\"media\">Media Bibliotek<\/option>\n                    <option value=\"root\">Server Filer<\/option>\n                <\/select>\n                <select id=\"document-per-page\">\n                    <option value=\"10\">10 pr. side<\/option>\n                    <option value=\"25\">25 pr. side<\/option>\n                    <option value=\"50\">50 pr. side<\/option>\n                    <option value=\"100\">100 pr. side<\/option>\n                <\/select>\n                <button id=\"document-search-button\">S\u00f8g<\/button>\n            <\/div>\n                        \n            <div class=\"document-results-container\">\n                <div class=\"document-results-info\">\n                    <p>Indtast en s\u00f8geterm for at finde dokumenter<\/p>\n                <\/div>\n            <\/div>\n            \n            <div class=\"document-pagination-container\" style=\"display: none;\">\n                <!-- Pagination vil blive vist her -->\n            <\/div>\n            \n            <div class=\"document-preview-container\">\n                <!-- Dokument preview vil blive vist her -->\n            <\/div>\n        <\/div>\n        \n","protected":false},"excerpt":{"rendered":"<p>Det vil forh\u00e5ndsvise dokumentet nederst p\u00e5 s\u00f8gesiden. S\u00f8g f.eks. p\u00e5 jul og derefter p\u00e5 &#8216;knappen med \u00f8jet&#8217;.<\/p>\n","protected":false},"author":1,"featured_media":0,"parent":0,"menu_order":0,"comment_status":"closed","ping_status":"closed","template":"","meta":{"_acf_changed":false,"ngg_post_thumbnail":0,"footnotes":""},"class_list":["post-3253","page","type-page","status-publish","hentry"],"acf":[],"jetpack_sharing_enabled":true,"_links":{"self":[{"href":"https:\/\/joyfulchoir.dk\/index.php\/wp-json\/wp\/v2\/pages\/3253","targetHints":{"allow":["GET"]}}],"collection":[{"href":"https:\/\/joyfulchoir.dk\/index.php\/wp-json\/wp\/v2\/pages"}],"about":[{"href":"https:\/\/joyfulchoir.dk\/index.php\/wp-json\/wp\/v2\/types\/page"}],"author":[{"embeddable":true,"href":"https:\/\/joyfulchoir.dk\/index.php\/wp-json\/wp\/v2\/users\/1"}],"replies":[{"embeddable":true,"href":"https:\/\/joyfulchoir.dk\/index.php\/wp-json\/wp\/v2\/comments?post=3253"}],"version-history":[{"count":0,"href":"https:\/\/joyfulchoir.dk\/index.php\/wp-json\/wp\/v2\/pages\/3253\/revisions"}],"wp:attachment":[{"href":"https:\/\/joyfulchoir.dk\/index.php\/wp-json\/wp\/v2\/media?parent=3253"}],"curies":[{"name":"wp","href":"https:\/\/api.w.org\/{rel}","templated":true}]}}