{"id":3426,"date":"2025-12-03T12:16:52","date_gmt":"2025-12-03T11:16:52","guid":{"rendered":"https:\/\/joyfulchoir.dk\/?page_id=3426"},"modified":"2025-12-03T12:33:11","modified_gmt":"2025-12-03T11:33:11","slug":"vrinners-kirke-julekoncert-2025","status":"publish","type":"page","link":"https:\/\/joyfulchoir.dk\/index.php\/vrinners-kirke-julekoncert-2025\/","title":{"rendered":"Vrinners Kirke &#8211; Julekoncert 2025"},"content":{"rendered":"\n<p>\u00c5rets f\u00f8rste julekoncert i Vrinners Kirke med Gitte Sloths Trio<\/p>\n\n\n<div id=\"audioigniter-3428\" class=\"audioigniter-root \" data-player-type=\"full\" data-tracks-url=\"https:\/\/joyfulchoir.dk\/?audioigniter_playlist_id=3428\" data-display-track-no=\"true\" data-reverse-track-order=\"false\" data-display-tracklist-covers=\"true\" data-display-active-cover=\"true\" data-display-artist-names=\"true\" data-display-buy-buttons=\"true\" data-buy-buttons-target=\"true\" data-cycle-tracks=\"false\" data-display-credits=\"false\" data-display-tracklist=\"true\" data-allow-tracklist-toggle=\"true\" data-allow-tracklist-loop=\"true\" data-limit-tracklist-height=\"true\" data-volume=\"100\" data-tracklist-height=\"185\" data-allow-track-loop=\"false\" data-shuffle=\"false\" data-shuffle-default=\"false\" data-allow-playback-rate=\"false\" data-timer-countdown=\"false\" data-stop-on-finish=\"false\" data-remember-last=\"false\" data-player-buttons=\"[]\" ><\/div>\n\n\n\n<figure class=\"wp-block-video\"><video controls src=\"\/mp3\/diverse\/Live\/Julekoncert2025\/IMG_8082.mp4\"><\/video><figcaption class=\"wp-element-caption\">&#8220;Du sp\u00f8r mig om h\u00e5bet&#8221; Video: Irma M\u00f8ller<\/figcaption><\/figure>\n\n\n\n<figure class=\"wp-block-video\"><video controls src=\"\/mp3\/diverse\/Live\/Julekoncert2025\/IMG_8085.mp4\"><\/video><figcaption class=\"wp-element-caption\">&#8220;Mary Did You Know&#8221; Video: Irma M\u00f8ller<\/figcaption><\/figure>\n\n\n\n<figure class=\"wp-block-video\"><video controls src=\"\/mp3\/diverse\/Live\/Julekoncert2025\/IMG_8086.mp4\"><\/video><figcaption class=\"wp-element-caption\">&#8220;Angels&#8221; Video: Irma M\u00f8ller<\/figcaption><\/figure>\n\n\n\n<figure class=\"wp-block-video\"><video controls src=\"\/mp3\/diverse\/Live\/Julekoncert2025\/IMG_8090.mp4\"><\/video><figcaption class=\"wp-element-caption\">&#8220;Happy Christmas &#8211; War Is Over&#8221; Video: Irma M\u00f8ller<\/figcaption><\/figure>\n\n\n\n<figure class=\"wp-block-video\"><video controls src=\"\/mp3\/diverse\/Live\/Julekoncert2025\/IMG_8091.mp4\"><\/video><figcaption class=\"wp-element-caption\">&#8220;Happy Christmas &#8211; War Is Over&#8221; Video: Irma M\u00f8ller<\/figcaption><\/figure>\n\n\n\n<figure class=\"wp-block-video\"><video controls src=\"\/mp3\/diverse\/Live\/Julekoncert2025\/IMG_8092.mp4\"><\/video><figcaption class=\"wp-element-caption\">&#8220;You Are The Light&#8221; Video: Irma M\u00f8ller<\/figcaption><\/figure>\n\n\n\n<figure class=\"wp-block-video\"><video controls src=\"\/mp3\/diverse\/Live\/Julekoncert2025\/IMG_8093.mp4\"><\/video><figcaption class=\"wp-element-caption\">&#8220;Let Me Fly&#8221; Video: Irma M\u00f8ller<\/figcaption><\/figure>\n\n\n\n<figure class=\"wp-block-video\"><video controls src=\"\/mp3\/diverse\/Live\/Julekoncert2025\/IMG_8096.mp4\"><\/video><figcaption class=\"wp-element-caption\">&#8220;Nu t\u00e6ndes tusind julelys&#8221; Video: Irma M\u00f8ller<\/figcaption><\/figure>\n\n\n\n<figure class=\"wp-block-video\"><video controls src=\"\/mp3\/diverse\/Live\/Julekoncert2025\/IMG_8098.mp4\"><\/video><figcaption class=\"wp-element-caption\">&#8220;Oh Holy Night&#8221; Video: Irma M\u00f8ller<\/figcaption><\/figure>\n\n\n\n<figure class=\"wp-block-gallery has-nested-images columns-default is-cropped wp-block-gallery-1 is-layout-flex wp-block-gallery-is-layout-flex\"><\/figure>\n\n\n\n<figure class=\"wp-block-image size-large\"><img decoding=\"async\" src=\"\/mp3\/diverse\/Live\/Julekoncert2025\/IMG_8075.png\" alt=\"\"\/><figcaption class=\"wp-element-caption\">Foto: Irma M\u00f8ller<\/figcaption><\/figure>\n\n\n\n<figure class=\"wp-block-image size-large\"><img decoding=\"async\" src=\"\/mp3\/diverse\/Live\/Julekoncert2025\/IMG_8083.png\" alt=\"\"\/><figcaption class=\"wp-element-caption\">Foto: Irma M\u00f8ller<\/figcaption><\/figure>\n\n\n\n<figure class=\"wp-block-image size-large\"><img decoding=\"async\" src=\"\/mp3\/diverse\/Live\/Julekoncert2025\/IMG_8088.png\" alt=\"\"\/><figcaption class=\"wp-element-caption\">Foto: Irma M\u00f8ller<\/figcaption><\/figure>\n\n\n\n<figure class=\"wp-block-image size-large\"><img decoding=\"async\" src=\"\/mp3\/diverse\/Live\/Julekoncert2025\/IMG_8089.png\" alt=\"\"\/><figcaption class=\"wp-element-caption\">Foto: Irma M\u00f8ller<\/figcaption><\/figure>\n\n\n\n<figure class=\"wp-block-image size-large\"><img decoding=\"async\" src=\"\/mp3\/diverse\/Live\/Julekoncert2025\/IMG_8095.png\" alt=\"\"\/><figcaption class=\"wp-element-caption\">Foto: Irma M\u00f8ller<\/figcaption><\/figure>\n\n\n\n<figure class=\"wp-block-image size-large\"><img decoding=\"async\" src=\"\/mp3\/diverse\/Live\/Julekoncert2025\/IMG_8105.png\" alt=\"\"\/><figcaption class=\"wp-element-caption\">Foto: Irma M\u00f8ller<\/figcaption><\/figure>\n\n\n\n<figure class=\"wp-block-image size-large\"><img decoding=\"async\" src=\"\/mp3\/diverse\/Live\/Julekoncert2025\/IMG_8106.png\" alt=\"\"\/><figcaption class=\"wp-element-caption\">Foto: Irma M\u00f8ller<\/figcaption><\/figure>\n\n\n\n<p><\/p>\n","protected":false},"excerpt":{"rendered":"<p>\u00c5rets f\u00f8rste julekoncert i Vrinners Kirke med Gitte Sloths Trio<\/p>\n","protected":false},"author":1,"featured_media":0,"parent":0,"menu_order":0,"comment_status":"closed","ping_status":"closed","template":"","meta":{"_acf_changed":false,"ngg_post_thumbnail":0,"footnotes":""},"class_list":["post-3426","page","type-page","status-publish","hentry"],"acf":[],"jetpack_sharing_enabled":true,"_links":{"self":[{"href":"https:\/\/joyfulchoir.dk\/index.php\/wp-json\/wp\/v2\/pages\/3426","targetHints":{"allow":["GET"]}}],"collection":[{"href":"https:\/\/joyfulchoir.dk\/index.php\/wp-json\/wp\/v2\/pages"}],"about":[{"href":"https:\/\/joyfulchoir.dk\/index.php\/wp-json\/wp\/v2\/types\/page"}],"author":[{"embeddable":true,"href":"https:\/\/joyfulchoir.dk\/index.php\/wp-json\/wp\/v2\/users\/1"}],"replies":[{"embeddable":true,"href":"https:\/\/joyfulchoir.dk\/index.php\/wp-json\/wp\/v2\/comments?post=3426"}],"version-history":[{"count":2,"href":"https:\/\/joyfulchoir.dk\/index.php\/wp-json\/wp\/v2\/pages\/3426\/revisions"}],"predecessor-version":[{"id":3430,"href":"https:\/\/joyfulchoir.dk\/index.php\/wp-json\/wp\/v2\/pages\/3426\/revisions\/3430"}],"wp:attachment":[{"href":"https:\/\/joyfulchoir.dk\/index.php\/wp-json\/wp\/v2\/media?parent=3426"}],"curies":[{"name":"wp","href":"https:\/\/api.w.org\/{rel}","templated":true}]}}