{"id":515,"date":"2024-04-07T10:28:12","date_gmt":"2024-04-07T08:28:12","guid":{"rendered":"https:\/\/joyfulchoir.dk\/?page_id=515"},"modified":"2026-05-13T10:52:22","modified_gmt":"2026-05-13T08:52:22","slug":"koret","status":"publish","type":"page","link":"https:\/\/joyfulchoir.dk\/","title":{"rendered":"Koret"},"content":{"rendered":"\n<hr class=\"wp-block-separator has-alpha-channel-opacity\"\/>\n\n\n\n<figure class=\"wp-block-image size-large\"><img loading=\"lazy\" decoding=\"async\" width=\"1024\" height=\"423\" src=\"https:\/\/joyfulchoir.dk\/wp-content\/uploads\/2025\/05\/08-jc-gh-DorisBeltoft-1024x423.jpg\" alt=\"\" class=\"wp-image-3117\" srcset=\"https:\/\/joyfulchoir.dk\/wp-content\/uploads\/2025\/05\/08-jc-gh-DorisBeltoft-1024x423.jpg 1024w, https:\/\/joyfulchoir.dk\/wp-content\/uploads\/2025\/05\/08-jc-gh-DorisBeltoft-300x124.jpg 300w, https:\/\/joyfulchoir.dk\/wp-content\/uploads\/2025\/05\/08-jc-gh-DorisBeltoft-768x317.jpg 768w, https:\/\/joyfulchoir.dk\/wp-content\/uploads\/2025\/05\/08-jc-gh-DorisBeltoft-1536x634.jpg 1536w, https:\/\/joyfulchoir.dk\/wp-content\/uploads\/2025\/05\/08-jc-gh-DorisBeltoft.jpg 1551w\" sizes=\"auto, (max-width: 1024px) 100vw, 1024px\" \/><figcaption class=\"wp-element-caption\">Foto: Doris Beltoft<\/figcaption><\/figure>\n\n\n\n<h2 class=\"wp-block-heading\">Hvem er <span tabindex='0' class='glossary-item-container'>Joyful Choir<span class='glossary-item-hidden-content'><span class='glossary-item-header'>Joyful Choir<\/span> <span class='glossary-item-description'>Joyful Choir, er b\u00e5de et \u2018nyt\u2019 og \u2018gammelt\u2019 kor med dybe r\u00f8dder p\u00e5 Mols og Djursland.\r\rKoret startede s\u00e5 sm\u00e5t op i 2005-06.\r\rJoyful Choir er et projektkor, der ikke er bange for at kaste sig ud i sp\u00e6ndende tonale eksperimenter.\r\rJoyful Choir er under ledelse af Gitte Korsholm Sloth.\r\rJoyful Choir er inddelt i 5 stemmegrupper:\r\r \t1. sopran\r \t2. sopran\r \talt\r \ttenor\r \tbas\r<\/span><\/span><\/span>?<\/h2>\n\n\n\n<p>Joyful Choir er b\u00e5de et \u2018nyt\u2019 og \u2018gammelt\u2019 kor med dybe r\u00f8dder p\u00e5 Mols og Djursland.<\/p>\n\n\n\n<p>Koret startede s\u00e5 sm\u00e5t op i 2005-06.<\/p>\n\n\n\n<p>Joyful Choir er et projektkor, der ikke er bange for at kaste sig ud i sp\u00e6ndende tonale eksperimenter.<\/p>\n\n\n\n<p>Joyful Choir er under ledelse af Gitte Korsholm Sloth.<\/p>\n\n\n\n<p>Joyful Choir er inddelt i 5 stemmegrupper:<\/p>\n\n\n\n<ul class=\"wp-block-list\">\n<li>1. sopran<\/li>\n\n\n\n<li>2. sopran<\/li>\n\n\n\n<li>alt<\/li>\n\n\n\n<li>tenor<\/li>\n\n\n\n<li>bas<\/li>\n<\/ul>\n\n\n\n<p>Koret \u00f8ver om tirsdagen p\u00e5 Molsskolen, Knebel (<a title=\"\" href=\"https:\/\/www.google.com\/maps\/place\/Molsskolen\/@56.211778,10.4853631,868m\/data=!3m2!1e3!4b1!4m6!3m5!1s0x464c30ca2ef9fed5:0x43f13e8b3118ee2f!8m2!3d56.211778!4d10.487938!16s%2Fg%2F1hc7zw47c?entry=ttu\" target=\"_blank\" rel=\"noopener\">se kort<\/a>).<br><a href=\"\/index.php\/interesseret\/\" target=\"_blank\" rel=\"noreferrer noopener\">Interesserede<\/a> er meget velkomne til at henvende sig om der er plads i ens stemmegruppe.<br>Organisatorisk er Joyful Choir knyttet til Aftenskolen Ebeltoft v\/Bente Toft.<\/p>\n\n\n\n<p>I t\u00e6t samarbejde med korlederen varetages &#8216;den daglige drift&#8217; af <span tabindex='0' class='glossary-item-container'>korudvalget<span class='glossary-item-hidden-content'><span class='glossary-item-header'>Korudvalg<\/span> <span class='glossary-item-description'>I t\u00e6t samarbejde med korlederen varetages \u2018den daglige drift\u2019 af korudvalget, som i \u00f8jeblikket best\u00e5r af:\r\r \tHelmuth Mikkelsen (webmaster)\r \tBirgit Munksgaard\r \tMargrethe Fredsbo\r \tWinnie Ebling\r \tJ\u00f8rgen Hougaard (kasserer)\r<\/span><\/span><\/span>, som i \u00f8jeblikket best\u00e5r af:<\/p>\n\n\n\n<ul class=\"wp-block-list\">\n<li>Helmuth Mikkelsen (webmaster)<\/li>\n\n\n\n<li>Birgit Munksgaard<\/li>\n\n\n\n<li>Margrethe Fredsbo<\/li>\n\n\n\n<li>Winnie Ebling<\/li>\n\n\n\n<li>J\u00f8rgen Hougaard (kasserer)<\/li>\n<\/ul>\n\n\n\n<div class=\"wp-block-columns is-layout-flex wp-container-core-columns-is-layout-9d6595d7 wp-block-columns-is-layout-flex\">\n<div class=\"wp-block-column is-layout-flow wp-block-column-is-layout-flow\"><\/div>\n\n\n\n<div class=\"wp-block-column is-layout-flow wp-block-column-is-layout-flow\"><\/div>\n<\/div>\n\n\n\n<p><\/p>\n","protected":false},"excerpt":{"rendered":"<p>Hvem er Joyful ChoirJoyful Choir Joyful Choir, er b\u00e5de et \u2018nyt\u2019 og \u2018gammelt\u2019 kor med dybe r\u00f8dder p\u00e5 Mols og Djursland. Koret startede s\u00e5 sm\u00e5t [&hellip;]<\/p>\n","protected":false},"author":1,"featured_media":0,"parent":0,"menu_order":0,"comment_status":"closed","ping_status":"closed","template":"","meta":{"_acf_changed":false,"ngg_post_thumbnail":0,"footnotes":""},"class_list":["post-515","page","type-page","status-publish","hentry"],"acf":[],"jetpack_sharing_enabled":true,"_links":{"self":[{"href":"https:\/\/joyfulchoir.dk\/index.php\/wp-json\/wp\/v2\/pages\/515","targetHints":{"allow":["GET"]}}],"collection":[{"href":"https:\/\/joyfulchoir.dk\/index.php\/wp-json\/wp\/v2\/pages"}],"about":[{"href":"https:\/\/joyfulchoir.dk\/index.php\/wp-json\/wp\/v2\/types\/page"}],"author":[{"embeddable":true,"href":"https:\/\/joyfulchoir.dk\/index.php\/wp-json\/wp\/v2\/users\/1"}],"replies":[{"embeddable":true,"href":"https:\/\/joyfulchoir.dk\/index.php\/wp-json\/wp\/v2\/comments?post=515"}],"version-history":[{"count":1,"href":"https:\/\/joyfulchoir.dk\/index.php\/wp-json\/wp\/v2\/pages\/515\/revisions"}],"predecessor-version":[{"id":3884,"href":"https:\/\/joyfulchoir.dk\/index.php\/wp-json\/wp\/v2\/pages\/515\/revisions\/3884"}],"wp:attachment":[{"href":"https:\/\/joyfulchoir.dk\/index.php\/wp-json\/wp\/v2\/media?parent=515"}],"curies":[{"name":"wp","href":"https:\/\/api.w.org\/{rel}","templated":true}]}}