{"id":533,"date":"2024-04-07T12:07:12","date_gmt":"2024-04-07T10:07:12","guid":{"rendered":"https:\/\/joyfulchoir.dk\/?page_id=533"},"modified":"2024-04-20T14:35:04","modified_gmt":"2024-04-20T12:35:04","slug":"privatlivspolitik-2","status":"publish","type":"page","link":"https:\/\/joyfulchoir.dk\/index.php\/privatlivspolitik-2\/","title":{"rendered":"Privatlivspolitik"},"content":{"rendered":"\n<p><strong>Generelt<\/strong><br>Som bes\u00f8gende p\u00e5 vores website er du i sikre h\u00e6nder. Nedenfor fremg\u00e5r vores datapolitik, som omhandler de oplysninger vi indsamler for at sikre brugeroplevelsen p\u00e5 vores side. Ydermere beskriver vi, hvorfor du med ro i sj\u00e6len kan navigere rundt p\u00e5 vores side uden at bekymre dig om, om vi misbruger dine digitale fodspor p\u00e5 siden.<\/p>\n\n\n\n<p><strong>Cookies<\/strong><br>Vi anvender cookies p\u00e5 vores hjemmeside, som er data, der gemmes p\u00e5 din enhed (computer, mobil, tablet el. lign). Disse data har til form\u00e5l at genkende din enhed og \u00f8ge brugervenligheden samtidigt med at de husker indstillinger, m\u00e5lretter annoncer mm.<\/p>\n\n\n\n<p>Det er muligt at slette sine cookies og alternativt blokere dem.<br><\/p>\n\n\n\n<p><strong>Guides til sletning af cookies<\/strong><br><a href=\"https:\/\/support.apple.com\/da-dk\/guide\/safari\/sfri11471\/mac\" target=\"_blank\" rel=\"noreferrer noopener\">Slet cookies for Safari p\u00e5 din mac<\/a><br><a href=\"https:\/\/support.apple.com\/da-dk\/HT201265\" target=\"_blank\" rel=\"noreferrer noopener\">Slet cookies for Safari p\u00e5 din iPhone, iPad eller iPod touch<\/a><br><a href=\"https:\/\/support.google.com\/chrome\/answer\/95647?co=GENIE.Platform%3DAndroid&amp;hl=da&amp;oco=0\" target=\"_blank\" rel=\"noreferrer noopener\">Slet cookies for Google Chrome p\u00e5 Android enheder<\/a><br><a href=\"https:\/\/support.google.com\/chrome\/answer\/95647?co=GENIE.Platform%3DDesktop&amp;hl=da&amp;oco=0\" target=\"_blank\" rel=\"noreferrer noopener\">Slet cookies for Google Chrome p\u00e5 din computer<\/a><br><a href=\"https:\/\/support.microsoft.com\/da-dk\/help\/10607\/microsoft-edge-view-delete-browser-history\" target=\"_blank\" rel=\"noreferrer noopener\">Slet cookies for Microsoft Edge p\u00e5 din computer<\/a><\/p>\n\n\n\n<p>Vores hjemmeside indeholder cookies fra nogle af&nbsp;<a href=\"https:\/\/online-tryghed.dk\/hyppige-tredjeparter-ved-digital-annoncering\/\" target=\"_blank\" rel=\"noreferrer noopener\">de mest hyppige tredjeparter<\/a>.<\/p>\n\n\n\n<p><strong>Personoplysninger<\/strong><br>N\u00e5r du tilg\u00e5r vores hjemmeside registreres dine personoplysninger. Personoplysninger er informationer, som f\u00f8rer tilbage til dig. Dette kan b.la. v\u00e6re oplysninger om din computer eller mobiltelefon, IP-nummer, geografisk placering, samt din navigering p\u00e5 siden. Disse oplysninger kan blive brugt ifm. nyhedsbreve, konkurrencer, unders\u00f8gelser mf.<\/p>\n\n\n\n<p>S\u00e5fremt du giver samtykke til og indtaster dit navn, e-mail, adresse, telefonnummer og betalingsoplysninger kan disse informationer ogs\u00e5 behandles. Som regel vil disse informationer kun v\u00e6re aktuelle at tilg\u00e5 ved oprettelse af et k\u00f8b eller login.<\/p>\n\n\n\n<p><strong>Form\u00e5l med opbevaring af oplysninger<\/strong><br>Disse oplysninger har til form\u00e5l at identificere dig som bruger, s\u00e5dan at de annoncer, du evt. m\u00e5tte f\u00e5 vist, f\u00e5r st\u00f8rst mulig relevans. Ydermere bruges oplysningerne til at registrere k\u00f8b og betalinger, samt sikre at de services, som du eftersp\u00f8rger, bliver leveret p\u00e5 korrekt vis \u2013 dette kan eksempelvis v\u00e6re nyhedsbreve, meddelelser etc.<\/p>\n\n\n\n<p><strong>Sikkerhedsforanstaltninger<\/strong><br>Der er foretaget tekniske \u2013 samt organisatoriske foranstaltninger mod at de oplysninger, vi m\u00e5tte besidde, vil blive slettet, offentliggjort, manipuleret, forringet eller misbrugt i strid med lovgivningen.<\/p>\n\n\n\n<p><strong>Tidsramme for opbevaring af oplysninger<\/strong><br>Oplysningerne gemmes i den periode, som er tilladt i henhold til lovgivningen. De bliver slettet, n\u00e5r det ikke l\u00e6ngere er n\u00f8dvendigt at opbevare dem. Perioden for opbevaring afh\u00e6nger af oplysningen samt baggrunden for opbevaring \u2013 derfor er det ikke muligt at pr\u00e6cisere periodens generelle l\u00e6ngde.<\/p>\n\n\n\n<p><strong>Videregivelse af oplysninger til tredjeparter<\/strong><br>De oplysninger, der er kendt, videregives til en r\u00e6kke tredjeparter. Disse tredjeparter behandler oplysninger p\u00e5 vores vegne og m\u00e5 ikke benytte dem til egne form\u00e5l. Som tidligere n\u00e6vnt vil personoplysninger s\u00e5 som navn, e-mail, adresse mf. kun videregives, s\u00e5fremt der er givet samtykke til dette.<br>Vores databehandlere best\u00e5r udelukkende af selskaber i EU eller i lande, som har krav til tilstr\u00e6kkelig beskyttelse af dine oplysninger.<\/p>\n\n\n\n<p><strong>Indsigt i oplysninger samt klager<\/strong><br>Det er altid din ret at f\u00e5 oplyst pr\u00e6cis hvilke personoplysninger, vi behandler om dig. Desuden kan du til hver en tid frabede at oplysningerne anvendes. Ydermere kan du f\u00e5 tilbagekaldt dit samtykke til, at oplysninger om dig bliver behandlet. Hvis oplysninger, som m\u00e5tte blive behandlet, er forkerte, har du ret til at f\u00e5 slettet eller rettet disse. Dette sker ved at kontake os p\u00e5: admin@joyfulchoir.dk.<\/p>\n\n\n\n<p>F\u00f8ler du, at vores behandling af dine personoplysninger er forkert, og \u00f8nsker du at klage, kan du tage kontakt til&nbsp;<a href=\"http:\/\/www.datatilsynet.dk\/\" target=\"_blank\" rel=\"noreferrer noopener\">Datatilsynet<\/a>.<\/p>\n\n\n\n<p><strong>Udgiver<\/strong><br>Websitet ejes og publiceres af:<\/p>\n\n\n\n<p><span tabindex='0' class='glossary-item-container'>Joyful Choir<span class='glossary-item-hidden-content'><span class='glossary-item-header'>Joyful Choir<\/span> <span class='glossary-item-description'>Joyful Choir, er b\u00e5de et \u2018nyt\u2019 og \u2018gammelt\u2019 kor med dybe r\u00f8dder p\u00e5 Mols og Djursland.\r\rKoret startede s\u00e5 sm\u00e5t op i 2005-06.\r\rJoyful Choir er et projektkor, der ikke er bange for at kaste sig ud i sp\u00e6ndende tonale eksperimenter.\r\rJoyful Choir er under ledelse af Gitte Korsholm Sloth.\r\rJoyful Choir er inddelt i 5 stemmegrupper:\r\r \t1. sopran\r \t2. sopran\r \talt\r \ttenor\r \tbas\r<\/span><\/span><\/span>, v. Helmuth Mikkelsen<br>Molsskolen<br>8420 Knebel<br>Telefon: +45 xx xx xx xx<br>E-mail: admin@joyfulchoir.dk<\/p>\n","protected":false},"excerpt":{"rendered":"<p>GenereltSom bes\u00f8gende p\u00e5 vores website er du i sikre h\u00e6nder. Nedenfor fremg\u00e5r vores datapolitik, som omhandler de oplysninger vi indsamler for at sikre brugeroplevelsen p\u00e5 [&hellip;]<\/p>\n","protected":false},"author":1,"featured_media":510,"parent":0,"menu_order":0,"comment_status":"closed","ping_status":"closed","template":"","meta":{"_acf_changed":false,"ngg_post_thumbnail":0,"footnotes":""},"class_list":["post-533","page","type-page","status-publish","has-post-thumbnail","hentry"],"acf":[],"jetpack_sharing_enabled":true,"_links":{"self":[{"href":"https:\/\/joyfulchoir.dk\/index.php\/wp-json\/wp\/v2\/pages\/533","targetHints":{"allow":["GET"]}}],"collection":[{"href":"https:\/\/joyfulchoir.dk\/index.php\/wp-json\/wp\/v2\/pages"}],"about":[{"href":"https:\/\/joyfulchoir.dk\/index.php\/wp-json\/wp\/v2\/types\/page"}],"author":[{"embeddable":true,"href":"https:\/\/joyfulchoir.dk\/index.php\/wp-json\/wp\/v2\/users\/1"}],"replies":[{"embeddable":true,"href":"https:\/\/joyfulchoir.dk\/index.php\/wp-json\/wp\/v2\/comments?post=533"}],"version-history":[{"count":0,"href":"https:\/\/joyfulchoir.dk\/index.php\/wp-json\/wp\/v2\/pages\/533\/revisions"}],"wp:featuredmedia":[{"embeddable":true,"href":"https:\/\/joyfulchoir.dk\/index.php\/wp-json\/wp\/v2\/media\/510"}],"wp:attachment":[{"href":"https:\/\/joyfulchoir.dk\/index.php\/wp-json\/wp\/v2\/media?parent=533"}],"curies":[{"name":"wp","href":"https:\/\/api.w.org\/{rel}","templated":true}]}}