{"id":553,"date":"2024-04-07T13:23:59","date_gmt":"2024-04-07T11:23:59","guid":{"rendered":"https:\/\/joyfulchoir.dk\/?page_id=553"},"modified":"2024-04-20T14:33:14","modified_gmt":"2024-04-20T12:33:14","slug":"kortraef","status":"publish","type":"page","link":"https:\/\/joyfulchoir.dk\/index.php\/kortraef\/","title":{"rendered":"Kortr\u00e6f"},"content":{"rendered":"\n<hr class=\"wp-block-separator has-alpha-channel-opacity\"\/>\n\n\n\n<div class=\"wp-block-columns is-layout-flex wp-container-core-columns-is-layout-9d6595d7 wp-block-columns-is-layout-flex\">\n<div class=\"wp-block-column is-layout-flow wp-block-column-is-layout-flow\">\n<h3 class=\"wp-block-heading\">Kortr\u00e6f 2023 blev afholdt i Pavillonen, Grenaa tirsdag d. 28. februar<\/h3>\n\n\n\n<p>Efter nogle \u00e5rs udskydelse p\u00e5 grund af Covid-19 blev dette \u00e5rs kortr\u00e6f afholdt med 12 deltagende kor med omkring 300 tilmeldte sangere.<br>Som vanligt var aftenen inddelt i to afdelinger, afbrudt af en pause med kaffe\/the og kage.<br>(Optagelserne \u00e5bner p\u00e5 en ny fane\/i et nyt vindue)<\/p>\n\n\n\n<p>F\u00e6llessang:&nbsp;<a href=\"\/mp3\/diverse\/kt23\/01-kt23-NuErDetForaarIgen.mp3\" target=\"_blank\" rel=\"noopener\" title=\"\">Nu er det for\u00e5r igen<\/a><\/p>\n\n\n\n<p><a href=\"\/mp3\/diverse\/\/kt23\/02-kt23-CourageKoret.mp3\" target=\"_blank\" rel=\"noopener\" title=\"\">Courage Koret<\/a>&nbsp;dir. Malou Reitberger<\/p>\n\n\n\n<p><a href=\"\/mp3\/diverse\/kt23\/03-kt23-Zesongkoret.mp3\" target=\"_blank\" rel=\"noopener\" title=\"\">Zesongkoret<\/a>&nbsp;dir. Christien van der Hoeven<\/p>\n\n\n\n<p><a href=\"\/mp3\/diverse\/\/kt23\/04-kt23-Vivildkoret.mp3\" target=\"_blank\" rel=\"noopener\" title=\"\">Vivildkoret<\/a>&nbsp;dir. Rebecca Ryan Thomsen<\/p>\n\n\n\n<p><a href=\"\/mp3\/diverse\/kt23\/05-kt23-Molskoret.mp3\" target=\"_blank\" rel=\"noopener\" title=\"\">Molskoret<\/a>&nbsp;dir. Gitte Korsholm Sloth<\/p>\n\n\n\n<p><a href=\"\/mp3\/diverse\/kt23\/06-kt23-DjursKammerkor.mp3\" target=\"_blank\" rel=\"noopener\" title=\"\">Djurs Kammerkor<\/a>&nbsp;dir. Helle Sandberg Zederkof<\/p>\n\n\n\n<p><a href=\"\/mp3\/diverse\/kt23\/07-kt23-FemaleSingers.mp3\" target=\"_blank\" rel=\"noopener\" title=\"\">Female Singers<\/a>&nbsp;dir. Vibe Ulbrandt<\/p>\n\n\n\n<p>Invitation til korprojekt&nbsp;<em>Havsange fra Djursland<\/em>&nbsp;med f\u00e6llessang:&nbsp;<a href=\"\/mp3\/diverse\/\/kt23\/08-kt23-HavsangeFraDjursland.mp3\" target=\"_blank\" rel=\"noopener\" title=\"\">Kinesisk porcel\u00e6n<\/a><br>Yderligere info i den&nbsp;<a href=\"\/mp3\/diverse\/kt23\/Havsange%20fra%20Djursland.pdf\" target=\"_blank\" rel=\"noopener\" title=\"\">uddelte folder<\/a><\/p>\n\n\n\n<p><a href=\"\/mp3\/diverse\/kt23\/09-kt23-Havmoellekoret.mp3\" target=\"_blank\" rel=\"noopener\" title=\"\">Havm\u00f8llekoret<\/a>&nbsp;dir. Rebecca Ryan Thomsen<\/p>\n\n\n\n<p><a href=\"\/mp3\/diverse\/kt23\/10-kt23-MoerkeRytmer.mp3\" target=\"_blank\" rel=\"noopener\" title=\"\">M\u00f8rke Rytmer<\/a>&nbsp;dir. Mikael Schildt Rasmussen<\/p>\n\n\n\n<p><a href=\"\/mp3\/diverse\/kt23\/11-kt23-Norddjurskoret.mp3\" target=\"_blank\" rel=\"noopener\" title=\"\">Norddjurskoret<\/a>&nbsp;dir. Annette Holm<\/p>\n\n\n\n<p><a href=\"\/mp3\/diverse\/kt23\/12-kt23-MandskoretDjursland.mp3\" target=\"_blank\" rel=\"noopener\" title=\"\">Mandskoret Djursland<\/a>&nbsp;dir. Lone Sonne<\/p>\n\n\n\n<p><a href=\"\/mp3\/diverse\/kt23\/13-kt23-JoyfulChoir.mp3\" target=\"_blank\" rel=\"noopener\" title=\"\">Joyful Choir<\/a>&nbsp;dir. Gitte Korsholm Sloth<\/p>\n\n\n\n<p><a href=\"\/mp3\/diverse\/kt23\/14-kt23-GrenaaKoret.mp3\" target=\"_blank\" rel=\"noopener\" title=\"\">Grenaa Koret<\/a>&nbsp;dir. Ulf Espelund Klausen<\/p>\n\n\n\n<p>Tak til de medvirkende kor for en forbilledlig afvikling af kortr\u00e6ffet (tidsplanen skred kuns ganske lidt), der i \u00e5r blev arrangeret af Female Singers.<\/p>\n\n\n\n<p>Korstaffetten til Kortr\u00e6f 2024 blev givet videre til <span tabindex='0' class='glossary-item-container'>Joyful Choir<span class='glossary-item-hidden-content'><span class='glossary-item-header'>Joyful Choir<\/span> <span class='glossary-item-description'>Joyful Choir, er b\u00e5de et \u2018nyt\u2019 og \u2018gammelt\u2019 kor med dybe r\u00f8dder p\u00e5 Mols og Djursland.\r\rKoret startede s\u00e5 sm\u00e5t op i 2005-06.\r\rJoyful Choir er et projektkor, der ikke er bange for at kaste sig ud i sp\u00e6ndende tonale eksperimenter.\r\rJoyful Choir er under ledelse af Gitte Korsholm Sloth.\r\rJoyful Choir er inddelt i 5 stemmegrupper:\r\r \t1. sopran\r \t2. sopran\r \talt\r \ttenor\r \tbas\r<\/span><\/span><\/span>!<\/p>\n<\/div>\n\n\n\n<div class=\"wp-block-column is-layout-flow wp-block-column-is-layout-flow\">\n<h3 class=\"wp-block-heading\">Kortr\u00e6f 2020 blev afholdt i Pavillionen, Grenaa tirsdag d. 3. marts<\/h3>\n\n\n\n<p>I dette \u00e5rs kortr\u00e6f deltog 10 kor med i alt 288 tilmeldte deltagere.&nbsp;<br>Som vanligt er aftenen inddelt i to afdelinger, afbrudt af en pause med indlagt kaffe og kage.&nbsp;<br>(Sangene \u00e5bner p\u00e5 en ny fane\/i et nyt vindue)<\/p>\n\n\n\n<ol class=\"wp-block-list\">\n<li>Vivild Koret dir. Klaus Bjerg<\/li>\n\n\n\n<li><a href=\"\/mp3\/diverse\/kt20\/01-VivildKoret-kt20.mp3\" target=\"_blank\" rel=\"noopener\" title=\"\">Alle 3 sange<\/a>\n<ol class=\"wp-block-list\">\n<li><a href=\"\/mp3\/diverse\/kt20\/02-DetTabteLand-VivildKoret-kt20.mp3\" target=\"_blank\" rel=\"noopener\" title=\"\">Det tabte land<\/a><\/li>\n\n\n\n<li><a href=\"\/mp3\/diverse\/\/kt20\/03-Nattergalen-VivildKoret-kt20.mp3\" target=\"_blank\" rel=\"noopener\" title=\"\">Nattergalen<\/a><\/li>\n\n\n\n<li><a href=\"\/mp3\/diverse\/kt20\/04-SovLilleDu-Vivildkoret-kt20.mp3\" target=\"_blank\" rel=\"noopener\" title=\"\">Sov lille du<\/a><\/li>\n<\/ol>\n<\/li>\n\n\n\n<li>Joyful Choir dir. Marianne Bie<\/li>\n\n\n\n<li><a href=\"\/mp3\/diverse\/kt20\/05-JoyfulChoir-kt20.mp3\" target=\"_blank\" rel=\"noopener\" title=\"\">Alle 3 sange<\/a>\n<ol class=\"wp-block-list\">\n<li><a href=\"\/mp3\/diverse\/kt20\/06-PeopleGetReady-JoyfulChoir-kt20.mp3\" target=\"_blank\" rel=\"noopener\" title=\"\">People Get Ready<\/a><\/li>\n\n\n\n<li><a href=\"\/mp3\/diverse\/kt20\/07-EnYndigOgFrydefuldSommertid-JoyfulChoir-kt20.mp3\" target=\"_blank\" rel=\"noopener\" title=\"\">En yndig og frydefuld sommertid<\/a><\/li>\n\n\n\n<li><a href=\"\/mp3\/diverse\/kt20\/08-Africa-JoyfulChoir-kt20.mp3\" target=\"_blank\" rel=\"noopener\" title=\"\">Africa<\/a><\/li>\n<\/ol>\n<\/li>\n\n\n\n<li>Female Singers dir. Vibe Ulbrandt \u2013 cello Malthe Volfing H\u00f8jager<\/li>\n\n\n\n<li><a href=\"\/mp3\/diverse\/kt20\/09-FemaleSingers-kt20.mp3\" target=\"_blank\" rel=\"noopener\" title=\"\">Alle 3 sange<\/a>\n<ol class=\"wp-block-list\">\n<li><a href=\"\/mp3\/diverse\/kt20\/10-Blackbird-FemaleSingers-kt20.mp3\" target=\"_blank\" rel=\"noopener\" title=\"\">Blackbird<\/a><\/li>\n\n\n\n<li><a href=\"\/mp3\/diverse\/kt20\/11-KatieCruel-FemaleSingers-kt20.mp3\" target=\"_blank\" rel=\"noopener\" title=\"\">Katie Cruel<\/a><\/li>\n\n\n\n<li><a href=\"\/mp3\/diverse\/kt20\/12-Birdland-FemaleSingers-kt20.mp3\" target=\"_blank\" rel=\"noopener\" title=\"\">Birdland<\/a><\/li>\n<\/ol>\n<\/li>\n\n\n\n<li>Courage Koret dir. Helle Sandberg Zederkof<\/li>\n\n\n\n<li><a href=\"\/mp3\/diverse\/kt20\/13-CourageKoret-kt20.mp3\" target=\"_blank\" rel=\"noopener\" title=\"\">Alle 4 sange<\/a>\n<ol class=\"wp-block-list\">\n<li><a href=\"\/mp3\/diverse\/kt20\/14-Lyset-CourageKoret-kt20.mp3\" target=\"_blank\" rel=\"noopener\" title=\"\">Lyset<\/a><\/li>\n\n\n\n<li><a href=\"\/mp3\/diverse\/kt20\/15-OgDetBlevVaar-CourageKoret-kt20.mp3\" target=\"_blank\" rel=\"noopener\" title=\"\">Og det blev v\u00e5r<\/a><\/li>\n\n\n\n<li><a href=\"\/mp3\/diverse\/kt20\/16-ForaarITraebenet-CourageKoret-kt20.mp3\" target=\"_blank\" rel=\"noopener\" title=\"\">For\u00e5r i tr\u00e6benet<\/a><\/li>\n\n\n\n<li><a href=\"\/mp3\/diverse\/kt20\/17-JegSaetterMinHatSomJegVil-CourageKoret-kt20.mp3\" target=\"_blank\" rel=\"noopener\" title=\"\">Jeg s\u00e6tter min hat som jeg vil<\/a><\/li>\n<\/ol>\n<\/li>\n\n\n\n<li>Djurs Kammerkor dir. Brian Stenger Poulsen<\/li>\n\n\n\n<li><a href=\"\/mp3\/diverse\/kt20\/18-DjursKammerkor-kt20.mp3\" target=\"_blank\" rel=\"noopener\" title=\"\">Alle 2 sange<\/a>\n<ol class=\"wp-block-list\">\n<li><a href=\"\/mp3\/diverse\/kt20\/19-DinSjaelErFortvivlet-DjursKammerkor-kt20.mp3\" target=\"_blank\" rel=\"noopener\" title=\"\">Din sj\u00e6l er fortvivlet<\/a><\/li>\n\n\n\n<li><a href=\"\/mp3\/diverse\/kt20\/20-EnStilleAftensang-DjursKammerkor-kt20.mp3\" target=\"_blank\" rel=\"noopener\" title=\"\">En stille aftensang<\/a><\/li>\n<\/ol>\n<\/li>\n\n\n\n<li>F\u00e6llessange<\/li>\n\n\n\n<li><a href=\"\/mp3\/diverse\/kt20\/21-DenBlaaAnemone-HarDuVisorMinVen-Tutti-kt20.mp3\" target=\"_blank\" rel=\"noopener\" title=\"\">Den bl\u00e5 anemone, Har du visor, min v\u00e4n<\/a><\/li>\n\n\n\n<li>Mandskoret Djursland dir. Lone Sonne<\/li>\n\n\n\n<li><a href=\"\/mp3\/diverse\/kt20\/22-Mandskoret-kt20.mp3\" target=\"_blank\" rel=\"noopener\" title=\"\">Alle 3 sange<\/a>\n<ol class=\"wp-block-list\">\n<li><a href=\"\/mp3\/diverse\/kt20\/23-FiskernesOpsang-Mandskoret-kt20.mp3\" target=\"_blank\" rel=\"noopener\" title=\"\">Fiskernes opsang<\/a><\/li>\n\n\n\n<li><a href=\"\/mp3\/diverse\/kt20\/24-AlwaysOnMyMind-Mandskoret-kt20.mp3\" target=\"_blank\" rel=\"noopener\" title=\"\">Always On My Mind<\/a><\/li>\n\n\n\n<li><a href=\"\/mp3\/diverse\/kt20\/25-LoveYouBetter-Mandskoret-kt20.mp3\" target=\"_blank\" rel=\"noopener\" title=\"\">Love You Better<\/a><\/li>\n<\/ol>\n<\/li>\n\n\n\n<li>Grenaa Koret dir. Rebecca Ryan Thomsen<\/li>\n\n\n\n<li><a href=\"\/mp3\/diverse\/kt20\/26-Grenaakoret-kt20.mp3\" target=\"_blank\" rel=\"noopener\" title=\"\">Alle 3 sange<\/a>\n<ol class=\"wp-block-list\">\n<li><a href=\"\/mp3\/diverse\/kt20\/27-PerTeDamicoAprile-Grenaakoret-kt20.mp3\" target=\"_blank\" rel=\"noopener\" title=\"\">Per te d\u2019amico aprile<\/a><\/li>\n\n\n\n<li><a href=\"\/mp3\/diverse\/kt20\/28-VisaTilFaaroe-Grenaakoret-kt20.mp3\" target=\"_blank\" rel=\"noopener\" title=\"\">Visa till F\u00e5r\u00f6<\/a><\/li>\n\n\n\n<li><a href=\"\/mp3\/diverse\/kt20\/29-NuBlomstertidenKommer-Grenaakoret-kt20.mp3\" target=\"_blank\" rel=\"noopener\" title=\"\">Nu blomstertiden kommer<\/a><\/li>\n<\/ol>\n<\/li>\n\n\n\n<li>Molskoret dir. Kamma Povlsen<\/li>\n\n\n\n<li><a href=\"\/mp3\/diverse\/kt20\/30-Molskoret-kt20.mp3\" target=\"_blank\" rel=\"noopener\" title=\"\">Alle 3 sange<\/a>\n<ol class=\"wp-block-list\">\n<li><a href=\"\/mp3\/diverse\/kt20\/31-HistHvorVejenSlaarEnBugt-Molskoret-kt20.mp3\" target=\"_blank\" rel=\"noopener\" title=\"\">Hist hvor vejen sl\u00e5r en bugt<\/a><\/li>\n\n\n\n<li><a href=\"\/mp3\/diverse\/kt20\/32-Sumernatta-Molskoret-kt20.mp3\" target=\"_blank\" rel=\"noopener\" title=\"\">Sumernatta<\/a><\/li>\n\n\n\n<li><a href=\"\/mp3\/diverse\/kt20\/33-Sommersalme-Molskoret-kt20.mp3\" target=\"_blank\" rel=\"noopener\" title=\"\">Sommersalme<\/a><\/li>\n<\/ol>\n<\/li>\n\n\n\n<li>Norddjurskoret dir. Annette Holm, piano Sven Foged<\/li>\n\n\n\n<li><a href=\"\/mp3\/diverse\/kt20\/34-Norddjurskoret-kt20.mp3\" target=\"_blank\" rel=\"noopener\" title=\"\">Alle 3 sange<\/a>\n<ol class=\"wp-block-list\">\n<li><a href=\"\/mp3\/diverse\/kt20\/35-TheLordIsMyShepherd-Norddjurskoret-kt20.mp3\" target=\"_blank\" rel=\"noopener\" title=\"\">The Lord Is My Shepherd<\/a><\/li>\n\n\n\n<li><a href=\"\/mp3\/diverse\/kt20\/36-EnKortEnLaang-Norddjurskoret-kt20.mp3\" target=\"_blank\" rel=\"noopener\" title=\"\">En kort, en l\u00e5ng<\/a><\/li>\n\n\n\n<li><a href=\"\/mp3\/diverse\/\/kt20\/37-Malaga-Norddjurskoret-kt20.mp3\" target=\"_blank\" rel=\"noopener\" title=\"\">Malaga<\/a><\/li>\n<\/ol>\n<\/li>\n\n\n\n<li>M\u00f8rke Rytmer dir. Mikael Schildt Rasmussen<\/li>\n\n\n\n<li><a href=\"\/mp3\/diverse\/kt20\/38-MoerkeRytmer-kt20.mp3\" target=\"_blank\" rel=\"noopener\" title=\"\">Alle 4 sange<\/a>\n<ol class=\"wp-block-list\">\n<li><a href=\"\/mp3\/diverse\/kt20\/39-IsThisLove-MoerkeRytmer-kt20.mp3\" target=\"_blank\" rel=\"noopener\" title=\"\">Is This Love<\/a><\/li>\n\n\n\n<li><a href=\"\/mp3\/diverse\/kt20\/40-Glory-MoerkeRytmer-kt20.mp3\" target=\"_blank\" rel=\"noopener\" title=\"\">Glory<\/a><\/li>\n\n\n\n<li><a href=\"\/mp3\/diverse\/kt20\/41-Still-MoerkeRytmer-kt20.mp3\" target=\"_blank\" rel=\"noopener\" title=\"\">Still<\/a><\/li>\n\n\n\n<li><a href=\"\/mp3\/diverse\/kt20\/42-IkkeMereTid-MoerkeRytmer-kt20.mp3\" target=\"_blank\" rel=\"noopener\" title=\"\">Ikke mere tid<\/a><\/li>\n<\/ol>\n<\/li>\n<\/ol>\n\n\n\n<p>Tak til alle medvirkende kor for en forbilledlig afvikling af kortr\u00e6ffet, der i \u00e5r blev arrangeret af Djurs Kammerkor.<br>Kortr\u00e6f 2021 bliver arrangeret af Female Singers!<\/p>\n<\/div>\n<\/div>\n","protected":false},"excerpt":{"rendered":"<p>Kortr\u00e6f 2023 blev afholdt i Pavillonen, Grenaa tirsdag d. 28. februar Efter nogle \u00e5rs udskydelse p\u00e5 grund af Covid-19 blev dette \u00e5rs kortr\u00e6f afholdt med [&hellip;]<\/p>\n","protected":false},"author":1,"featured_media":433,"parent":0,"menu_order":0,"comment_status":"closed","ping_status":"closed","template":"","meta":{"_acf_changed":false,"ngg_post_thumbnail":0,"footnotes":""},"class_list":["post-553","page","type-page","status-publish","has-post-thumbnail","hentry"],"acf":[],"jetpack_sharing_enabled":true,"_links":{"self":[{"href":"https:\/\/joyfulchoir.dk\/index.php\/wp-json\/wp\/v2\/pages\/553","targetHints":{"allow":["GET"]}}],"collection":[{"href":"https:\/\/joyfulchoir.dk\/index.php\/wp-json\/wp\/v2\/pages"}],"about":[{"href":"https:\/\/joyfulchoir.dk\/index.php\/wp-json\/wp\/v2\/types\/page"}],"author":[{"embeddable":true,"href":"https:\/\/joyfulchoir.dk\/index.php\/wp-json\/wp\/v2\/users\/1"}],"replies":[{"embeddable":true,"href":"https:\/\/joyfulchoir.dk\/index.php\/wp-json\/wp\/v2\/comments?post=553"}],"version-history":[{"count":0,"href":"https:\/\/joyfulchoir.dk\/index.php\/wp-json\/wp\/v2\/pages\/553\/revisions"}],"wp:featuredmedia":[{"embeddable":true,"href":"https:\/\/joyfulchoir.dk\/index.php\/wp-json\/wp\/v2\/media\/433"}],"wp:attachment":[{"href":"https:\/\/joyfulchoir.dk\/index.php\/wp-json\/wp\/v2\/media?parent=553"}],"curies":[{"name":"wp","href":"https:\/\/api.w.org\/{rel}","templated":true}]}}