{"id":789,"date":"2024-04-10T21:20:51","date_gmt":"2024-04-10T19:20:51","guid":{"rendered":"https:\/\/joyfulchoir.dk\/?page_id=789"},"modified":"2024-05-13T10:45:33","modified_gmt":"2024-05-13T08:45:33","slug":"ebeltoft-kirke","status":"publish","type":"page","link":"https:\/\/joyfulchoir.dk\/index.php\/ebeltoft-kirke\/","title":{"rendered":"Ebeltoft Kirke 9. april 2024"},"content":{"rendered":"\n<hr class=\"wp-block-separator has-alpha-channel-opacity\"\/>\n\n\n\n<p>En koncert med fyldte kirkeb\u00e6nke.<\/p>\n\n\n\n<p>Lydoptagelserne er tilg\u00e6ngelige p\u00e5 <a href=\"\/index.php\/live\/\" title=\"LIVE\">LIVE<\/a>-siden.<\/p>\n\n\n\n<blockquote class=\"wp-block-quote is-layout-flow wp-block-quote-is-layout-flow\">\n<p> Fruen og jeg var i g\u00e5r aftes til en sk\u00f8n koncert i Ebeltoft Kirke, med <span tabindex='0' class='glossary-item-container'>Joyful Choir<span class='glossary-item-hidden-content'><span class='glossary-item-header'>Joyful Choir<\/span> <span class='glossary-item-description'>Joyful Choir, er b\u00e5de et \u2018nyt\u2019 og \u2018gammelt\u2019 kor med dybe r\u00f8dder p\u00e5 Mols og Djursland.\r\rKoret startede s\u00e5 sm\u00e5t op i 2005-06.\r\rJoyful Choir er et projektkor, der ikke er bange for at kaste sig ud i sp\u00e6ndende tonale eksperimenter.\r\rJoyful Choir er under ledelse af Gitte Korsholm Sloth.\r\rJoyful Choir er inddelt i 5 stemmegrupper:\r\r \t1. sopran\r \t2. sopran\r \talt\r \ttenor\r \tbas\r<\/span><\/span><\/span>.<\/p>\n\n\n\n<p>Vi var ih\u00e6rdigt opfordret af nogle venner som er deltagere i koret . Det var f\u00f8rste gang vi h\u00f8rte dem &#8211; men det bliver ikke sidste gang.<\/p>\n\n\n\n<p>De var gennem. et flot <span tabindex='0' class='glossary-item-container'>repertoire<span class='glossary-item-hidden-content'><span class='glossary-item-header'>Repertoire<\/span> <span class='glossary-item-description'>Alfabetisk oversigt over de sange der har v\u00e6ret gennem korets struber - listen indbefatter sange lige siden navneskiftet fra Joyful Gospel Choir til Joyful Choir :-)<\/span><\/span><\/span> med drama, humor og masser af k\u00e6rlighed. De sang s\u00e5 sk\u00f8nt at jeg flere gange fik fugtige \u00f8jne &#8211; og s\u00e5 er den god nok. Joyful Choir er et herligt kor, og de har en sk\u00f8n trold som korleder.<\/p>\n\n\n\n<p>Tak for en sk\u00f8n koncertoplevelse.<\/p>\n\n\n\n<p><a href=\"https:\/\/www.facebook.com\/kurt.birkedal\" target=\"_blank\" rel=\"noopener\" title=\"Kurt Birkedal\">Kurt Birkedal<\/a>  (opslag p\u00e5 facebook)<\/p>\n<\/blockquote>\n\n\n\n<hr class=\"wp-block-separator has-alpha-channel-opacity\"\/>\n\n\n\n<figure class=\"wp-block-image size-large\"><img loading=\"lazy\" decoding=\"async\" width=\"1024\" height=\"768\" src=\"https:\/\/joyfulchoir.dk\/wp-content\/uploads\/2024\/04\/JC-Ebeltoft-DorisBeltoft-1024x768.jpg\" alt=\"\" class=\"wp-image-791\" srcset=\"https:\/\/joyfulchoir.dk\/wp-content\/uploads\/2024\/04\/JC-Ebeltoft-DorisBeltoft-1024x768.jpg 1024w, https:\/\/joyfulchoir.dk\/wp-content\/uploads\/2024\/04\/JC-Ebeltoft-DorisBeltoft-300x225.jpg 300w, https:\/\/joyfulchoir.dk\/wp-content\/uploads\/2024\/04\/JC-Ebeltoft-DorisBeltoft-768x576.jpg 768w, https:\/\/joyfulchoir.dk\/wp-content\/uploads\/2024\/04\/JC-Ebeltoft-DorisBeltoft-1536x1152.jpg 1536w, https:\/\/joyfulchoir.dk\/wp-content\/uploads\/2024\/04\/JC-Ebeltoft-DorisBeltoft-360x270.jpg 360w, https:\/\/joyfulchoir.dk\/wp-content\/uploads\/2024\/04\/JC-Ebeltoft-DorisBeltoft.jpg 1638w\" sizes=\"auto, (max-width: 1024px) 100vw, 1024px\" \/><figcaption class=\"wp-element-caption\">Foto: Doris Beltoft<\/figcaption><\/figure>\n\n\n\n<figure class=\"wp-block-image size-large\"><img loading=\"lazy\" decoding=\"async\" width=\"1024\" height=\"1024\" src=\"https:\/\/joyfulchoir.dk\/wp-content\/uploads\/2024\/04\/jc-ebeltoft-chrisnunan-1024x1024.jpg\" alt=\"\" class=\"wp-image-790\" srcset=\"https:\/\/joyfulchoir.dk\/wp-content\/uploads\/2024\/04\/jc-ebeltoft-chrisnunan-1024x1024.jpg 1024w, https:\/\/joyfulchoir.dk\/wp-content\/uploads\/2024\/04\/jc-ebeltoft-chrisnunan-300x300.jpg 300w, https:\/\/joyfulchoir.dk\/wp-content\/uploads\/2024\/04\/jc-ebeltoft-chrisnunan-150x150.jpg 150w, https:\/\/joyfulchoir.dk\/wp-content\/uploads\/2024\/04\/jc-ebeltoft-chrisnunan-768x768.jpg 768w, https:\/\/joyfulchoir.dk\/wp-content\/uploads\/2024\/04\/jc-ebeltoft-chrisnunan-1536x1536.jpg 1536w, https:\/\/joyfulchoir.dk\/wp-content\/uploads\/2024\/04\/jc-ebeltoft-chrisnunan.jpg 2048w\" sizes=\"auto, (max-width: 1024px) 100vw, 1024px\" \/><figcaption class=\"wp-element-caption\">Fotos: Doris Beltoft<\/figcaption><\/figure>\n\n\n\n<div class=\"wp-block-columns is-layout-flex wp-container-core-columns-is-layout-9d6595d7 wp-block-columns-is-layout-flex\">\n<div class=\"wp-block-column is-layout-flow wp-block-column-is-layout-flow\">\n<figure class=\"wp-block-video\"><video height=\"1080\" style=\"aspect-ratio: 1920 \/ 1080;\" width=\"1920\" controls src=\"https:\/\/joyfulchoir.dk\/wp-content\/uploads\/1712\/73\/Facebook-video-286101927868948.mp4\"><\/video><figcaption class=\"wp-element-caption\">Video: Doris Beltoft<\/figcaption><\/figure>\n<\/div>\n\n\n\n<div class=\"wp-block-column is-layout-flow wp-block-column-is-layout-flow\">\n<figure class=\"wp-block-video\"><video height=\"1080\" style=\"aspect-ratio: 1920 \/ 1080;\" width=\"1920\" controls src=\"https:\/\/joyfulchoir.dk\/wp-content\/uploads\/1712\/73\/Facebook-video-427656106521222.mp4\"><\/video><figcaption class=\"wp-element-caption\">Video: Doris Beltoft<\/figcaption><\/figure>\n<\/div>\n\n\n\n<div class=\"wp-block-column is-layout-flow wp-block-column-is-layout-flow\">\n<figure class=\"wp-block-video\"><video height=\"1080\" style=\"aspect-ratio: 1920 \/ 1080;\" width=\"1920\" controls src=\"https:\/\/joyfulchoir.dk\/wp-content\/uploads\/1712\/73\/Facebook-video-431774836018456.mp4\"><\/video><figcaption class=\"wp-element-caption\">Video: Doris Beltoft<\/figcaption><\/figure>\n<\/div>\n<\/div>\n\n\n\n<figure class=\"wp-block-image size-large\"><img loading=\"lazy\" decoding=\"async\" width=\"1024\" height=\"768\" src=\"https:\/\/joyfulchoir.dk\/wp-content\/uploads\/2024\/05\/IMG_6969-CarlRegli-1024x768.png\" alt=\"\" class=\"wp-image-2620\" srcset=\"https:\/\/joyfulchoir.dk\/wp-content\/uploads\/2024\/05\/IMG_6969-CarlRegli-1024x768.png 1024w, https:\/\/joyfulchoir.dk\/wp-content\/uploads\/2024\/05\/IMG_6969-CarlRegli-300x225.png 300w, https:\/\/joyfulchoir.dk\/wp-content\/uploads\/2024\/05\/IMG_6969-CarlRegli-768x576.png 768w, https:\/\/joyfulchoir.dk\/wp-content\/uploads\/2024\/05\/IMG_6969-CarlRegli-1536x1152.png 1536w, https:\/\/joyfulchoir.dk\/wp-content\/uploads\/2024\/05\/IMG_6969-CarlRegli-2048x1536.png 2048w, https:\/\/joyfulchoir.dk\/wp-content\/uploads\/2024\/05\/IMG_6969-CarlRegli-360x270.png 360w, https:\/\/joyfulchoir.dk\/wp-content\/uploads\/2024\/05\/IMG_6969-CarlRegli-600x450.png 600w\" sizes=\"auto, (max-width: 1024px) 100vw, 1024px\" \/><figcaption class=\"wp-element-caption\">Foto: Carl Regli<\/figcaption><\/figure>\n\n\n\n<div class=\"wp-block-columns is-layout-flex wp-container-core-columns-is-layout-9d6595d7 wp-block-columns-is-layout-flex\">\n<div class=\"wp-block-column is-layout-flow wp-block-column-is-layout-flow\">\n<figure class=\"wp-block-video\"><video controls src=\"\/video\/BridgeOverTroubledWater-CarlRegli.mp4\"><\/video><figcaption class=\"wp-element-caption\">Bridge Over Troubled Water<br>Video: Carl Regli<\/figcaption><\/figure>\n<\/div>\n\n\n\n<div class=\"wp-block-column is-layout-flow wp-block-column-is-layout-flow\">\n<figure class=\"wp-block-video\"><video controls src=\"\/video\/TaenderPaaEtKys-CarlRegli.mp4\"><\/video><figcaption class=\"wp-element-caption\">T\u00e6nder p\u00e5 et kys<br>Video: Carl Regli<\/figcaption><\/figure>\n<\/div>\n\n\n\n<div class=\"wp-block-column is-layout-flow wp-block-column-is-layout-flow\">\n<figure class=\"wp-block-video\"><video controls src=\"\/video\/Downtown-CarlRegli.mp4\"><\/video><figcaption class=\"wp-element-caption\">Downtown<br>Video: Carl Regli<\/figcaption><\/figure>\n<\/div>\n<\/div>\n\n\n\n<div class=\"wp-block-columns is-layout-flex wp-container-core-columns-is-layout-9d6595d7 wp-block-columns-is-layout-flex\">\n<div class=\"wp-block-column is-layout-flow wp-block-column-is-layout-flow\">\n<figure class=\"wp-block-video\"><video controls src=\"\/video\/SideBySide-CarlRegli.mp4\"><\/video><figcaption class=\"wp-element-caption\">Side By Side<br>Video: Carl Regli<\/figcaption><\/figure>\n<\/div>\n\n\n\n<div class=\"wp-block-column is-layout-flow wp-block-column-is-layout-flow\">\n<figure class=\"wp-block-video\"><video controls src=\"\/video\/LyseNaetter-CarlRegli.mp4\"><\/video><figcaption class=\"wp-element-caption\">Lyse n\u00e6tter<br>Video: Carl Regli<\/figcaption><\/figure>\n<\/div>\n\n\n\n<div class=\"wp-block-column is-layout-flow wp-block-column-is-layout-flow\">\n<figure class=\"wp-block-video\"><video controls src=\"\/video\/DetErIDagEtVejr-CarlRegli.mp4\"><\/video><figcaption class=\"wp-element-caption\">Det er i dag et vejr (f\u00e6llessang)<br>Video: Carl Regli<\/figcaption><\/figure>\n<\/div>\n<\/div>\n","protected":false},"excerpt":{"rendered":"<p>En koncert med fyldte kirkeb\u00e6nke. Lydoptagelserne er tilg\u00e6ngelige p\u00e5 LIVE-siden. Fruen og jeg var i g\u00e5r aftes til en sk\u00f8n koncert i Ebeltoft Kirke, med [&hellip;]<\/p>\n","protected":false},"author":1,"featured_media":0,"parent":0,"menu_order":0,"comment_status":"closed","ping_status":"closed","template":"","meta":{"_acf_changed":false,"ngg_post_thumbnail":0,"footnotes":""},"class_list":["post-789","page","type-page","status-publish","hentry"],"acf":[],"jetpack_sharing_enabled":true,"_links":{"self":[{"href":"https:\/\/joyfulchoir.dk\/index.php\/wp-json\/wp\/v2\/pages\/789","targetHints":{"allow":["GET"]}}],"collection":[{"href":"https:\/\/joyfulchoir.dk\/index.php\/wp-json\/wp\/v2\/pages"}],"about":[{"href":"https:\/\/joyfulchoir.dk\/index.php\/wp-json\/wp\/v2\/types\/page"}],"author":[{"embeddable":true,"href":"https:\/\/joyfulchoir.dk\/index.php\/wp-json\/wp\/v2\/users\/1"}],"replies":[{"embeddable":true,"href":"https:\/\/joyfulchoir.dk\/index.php\/wp-json\/wp\/v2\/comments?post=789"}],"version-history":[{"count":0,"href":"https:\/\/joyfulchoir.dk\/index.php\/wp-json\/wp\/v2\/pages\/789\/revisions"}],"wp:attachment":[{"href":"https:\/\/joyfulchoir.dk\/index.php\/wp-json\/wp\/v2\/media?parent=789"}],"curies":[{"name":"wp","href":"https:\/\/api.w.org\/{rel}","templated":true}]}}